{"id":221,"date":"2026-05-10T12:23:31","date_gmt":"2026-05-10T12:23:31","guid":{"rendered":"https:\/\/wp2.zsoiz-czyzew.pl\/?page_id=221"},"modified":"2026-05-10T14:05:15","modified_gmt":"2026-05-10T14:05:15","slug":"historia-szkoly","status":"publish","type":"page","link":"https:\/\/zsoiz-czyzew.pl\/index.php\/historia-szkoly\/","title":{"rendered":"Historia szko\u0142y"},"content":{"rendered":"\n<div class=\"wp-block-uagb-container uagb-block-c096cd8d alignfull uagb-is-root-container\"><div class=\"uagb-container-inner-blocks-wrap\">\n<div class=\"wp-block-uagb-advanced-heading uagb-block-edc36cd0\"><h2 class=\"uagb-heading-text\">Ponad \u0107wier\u0107 wieku tradycji i nowoczesno\u015bci<\/h2><\/div>\n<\/div><\/div>\n\n\n\n<div class=\"wp-block-uagb-advanced-heading uagb-block-d37e6e8d\"><h2 class=\"uagb-heading-text\">Historia Zespo\u0142u Szk\u00f3\u0142 Og\u00f3lnokszta\u0142c\u0105cych i Zawodowych w Czy\u017cewie to opowie\u015b\u0107 o wizji, determinacji i sta\u0142ym d\u0105\u017ceniu do doskona\u0142o\u015bci.<\/h2><\/div>\n\n\n\n<div class=\"wp-block-uagb-container uagb-block-116a4ca8 alignfull uagb-is-root-container\"><div class=\"uagb-container__shape uagb-container__shape-bottom uagb-container__shape-above-content uagb-container__invert\" data-negative=\"false\"><svg xmlns=\"https:\/\/www.w3.org\/2000\/svg\" viewBox=\"0 0 283.5 27.8\" preserveAspectRatio=\"none\"><path class=\"uagb-container__shape-fill\" d=\"M283.5,9.7c0,0-7.3,4.3-14,4.6c-6.8,0.3-12.6,0-20.9-1.5c-11.3-2-33.1-10.1-44.7-5.7\ts-12.1,4.6-18,7.4c-6.6,3.2-20,9.6-36.6,9.3C131.6,23.5,99.5,7.2,86.3,8c-1.4,0.1-6.6,0.8-10.5,2c-3.8,1.2-9.4,3.8-17,4.7\tc-3.2,0.4-8.3,1.1-14.2,0.9c-1.5-0.1-6.3-0.4-12-1.6c-5.7-1.2-11-3.1-15.8-3.7C6.5,9.2,0,10.8,0,10.8V0h283.5V9.7z M260.8,11.3\tc-0.7-1-2-0.4-4.3-0.4c-2.3,0-6.1-1.2-5.8-1.1c0.3,0.1,3.1,1.5,6,1.9C259.7,12.2,261.4,12.3,260.8,11.3z M242.4,8.6\tc0,0-2.4-0.2-5.6-0.9c-3.2-0.8-10.3-2.8-15.1-3.5c-8.2-1.1-15.8,0-15.1,0.1c0.8,0.1,9.6-0.6,17.6,1.1c3.3,0.7,9.3,2.2,12.4,2.7\tC239.9,8.7,242.4,8.6,242.4,8.6z M185.2,8.5c1.7-0.7-13.3,4.7-18.5,6.1c-2.1,0.6-6.2,1.6-10,2c-3.9,0.4-8.9,0.4-8.8,0.5\tc0,0.2,5.8,0.8,11.2,0c5.4-0.8,5.2-1.1,7.6-1.6C170.5,14.7,183.5,9.2,185.2,8.5z M199.1,6.9c0.2,0-0.8-0.4-4.8,1.1\tc-4,1.5-6.7,3.5-6.9,3.7c-0.2,0.1,3.5-1.8,6.6-3C197,7.5,199,6.9,199.1,6.9z M283,6c-0.1,0.1-1.9,1.1-4.8,2.5s-6.9,2.8-6.7,2.7\tc0.2,0,3.5-0.6,7.4-2.5C282.8,6.8,283.1,5.9,283,6z M31.3,11.6c0.1-0.2-1.9-0.2-4.5-1.2s-5.4-1.6-7.8-2C15,7.6,7.3,8.5,7.7,8.6\tC8,8.7,15.9,8.3,20.2,9.3c2.2,0.5,2.4,0.5,5.7,1.6S31.2,11.9,31.3,11.6z M73,9.2c0.4-0.1,3.5-1.6,8.4-2.6c4.9-1.1,8.9-0.5,8.9-0.8\tc0-0.3-1-0.9-6.2-0.3S72.6,9.3,73,9.2z M71.6,6.7C71.8,6.8,75,5.4,77.3,5c2.3-0.3,1.9-0.5,1.9-0.6c0-0.1-1.1-0.2-2.7,0.2\tC74.8,5.1,71.4,6.6,71.6,6.7z M93.6,4.4c0.1,0.2,3.5,0.8,5.6,1.8c2.1,1,1.8,0.6,1.9,0.5c0.1-0.1-0.8-0.8-2.4-1.3\tC97.1,4.8,93.5,4.2,93.6,4.4z M65.4,11.1c-0.1,0.3,0.3,0.5,1.9-0.2s2.6-1.3,2.2-1.2s-0.9,0.4-2.5,0.8C65.3,10.9,65.5,10.8,65.4,11.1\tz M34.5,12.4c-0.2,0,2.1,0.8,3.3,0.9c1.2,0.1,2,0.1,2-0.2c0-0.3-0.1-0.5-1.6-0.4C36.6,12.8,34.7,12.4,34.5,12.4z M152.2,21.1\tc-0.1,0.1-2.4-0.3-7.5-0.3c-5,0-13.6-2.4-17.2-3.5c-3.6-1.1,10,3.9,16.5,4.1C150.5,21.6,152.3,21,152.2,21.1z\"><\/path><path class=\"uagb-container__shape-fill\" d=\"M269.6,18c-0.1-0.1-4.6,0.3-7.2,0c-7.3-0.7-17-3.2-16.6-2.9c0.4,0.3,13.7,3.1,17,3.3\tC267.7,18.8,269.7,18,269.6,18z\"><\/path><path class=\"uagb-container__shape-fill\" d=\"M227.4,9.8c-0.2-0.1-4.5-1-9.5-1.2c-5-0.2-12.7,0.6-12.3,0.5c0.3-0.1,5.9-1.8,13.3-1.2\tS227.6,9.9,227.4,9.8z\"><\/path><path class=\"uagb-container__shape-fill\" d=\"M204.5,13.4c-0.1-0.1,2-1,3.2-1.1c1.2-0.1,2,0,2,0.3c0,0.3-0.1,0.5-1.6,0.4\tC206.4,12.9,204.6,13.5,204.5,13.4z\"><\/path><path class=\"uagb-container__shape-fill\" d=\"M201,10.6c0-0.1-4.4,1.2-6.3,2.2c-1.9,0.9-6.2,3.1-6.1,3.1c0.1,0.1,4.2-1.6,6.3-2.6\tS201,10.7,201,10.6z\"><\/path><path class=\"uagb-container__shape-fill\" d=\"M154.5,26.7c-0.1-0.1-4.6,0.3-7.2,0c-7.3-0.7-17-3.2-16.6-2.9c0.4,0.3,13.7,3.1,17,3.3\tC152.6,27.5,154.6,26.8,154.5,26.7z\"><\/path><path class=\"uagb-container__shape-fill\" d=\"M41.9,19.3c0,0,1.2-0.3,2.9-0.1c1.7,0.2,5.8,0.9,8.2,0.7c4.2-0.4,7.4-2.7,7-2.6\tc-0.4,0-4.3,2.2-8.6,1.9c-1.8-0.1-5.1-0.5-6.7-0.4S41.9,19.3,41.9,19.3z\"><\/path><path class=\"uagb-container__shape-fill\" d=\"M75.5,12.6c0.2,0.1,2-0.8,4.3-1.1c2.3-0.2,2.1-0.3,2.1-0.5c0-0.1-1.8-0.4-3.4,0\tC76.9,11.5,75.3,12.5,75.5,12.6z\"><\/path><path class=\"uagb-container__shape-fill\" d=\"M15.6,13.2c0-0.1,4.3,0,6.7,0.5c2.4,0.5,5,1.9,5,2c0,0.1-2.7-0.8-5.1-1.4\tC19.9,13.7,15.7,13.3,15.6,13.2z\"><\/path><\/svg><\/div><div class=\"uagb-container-inner-blocks-wrap\">\n<div class=\"wp-block-uagb-container uagb-block-0e7fcde2\">\n<div class=\"wp-block-uagb-advanced-heading uagb-block-1d87f9f5\"><p class=\"uagb-heading-text\">Zesp\u00f3\u0142 Szk\u00f3\u0142 Og\u00f3lnokszta\u0142c\u0105cych i Zawodowych w Czy\u017cewie rozpocz\u0105\u0142 swoj\u0105 dzia\u0142alno\u015b\u0107 1 wrze\u015bnia 1996 roku. Plac\u00f3wka powsta\u0142a z inicjatywy \u00f3wczesnego W\u00f3jta Gminy Czy\u017cew-Osada \u2013 Jacka Boguckiego (p\u00f3\u017aniejszego Starosty, Pos\u0142a i Senatora RP). Funkcj\u0119 pierwszego dyrektora do 2006 roku sprawowa\u0142a Anna Bogucka, \u00f3wczesnej Burmistrz Czy\u017cewa (p\u00f3\u017aniej Senatora RP). To ich wizja stworzenia silnego o\u015brodka edukacyjnego w regionie sta\u0142a si\u0119 fundamentem dzisiejszych sukces\u00f3w.<\/p><\/div>\n<\/div>\n\n\n\n<div class=\"wp-block-uagb-container uagb-block-27b807c3\">\n<div class=\"wp-block-uagb-image uagb-block-1aadaeba wp-block-uagb-image--layout-default wp-block-uagb-image--effect-static wp-block-uagb-image--align-none\"><figure class=\"wp-block-uagb-image__figure\"><img decoding=\"async\" srcset=\"https:\/\/wp2.zsoiz-czyzew.pl\/wp-content\/uploads\/2026\/05\/historia-szkoly0002.jpg ,https:\/\/wp2.zsoiz-czyzew.pl\/wp-content\/uploads\/2026\/05\/historia-szkoly0002.jpg 780w, https:\/\/wp2.zsoiz-czyzew.pl\/wp-content\/uploads\/2026\/05\/historia-szkoly0002.jpg 360w\" sizes=\"auto, (max-width: 480px) 150px\" src=\"https:\/\/wp2.zsoiz-czyzew.pl\/wp-content\/uploads\/2026\/05\/historia-szkoly0002.jpg\" alt=\"Otwarcie nowego budynku szko\u0142y\" class=\"uag-image-226\" width=\"881\" height=\"591\" title=\"historia-szkoly0002\" loading=\"lazy\" role=\"img\"\/><\/figure><\/div>\n<\/div>\n<\/div><\/div>\n\n\n\n<div class=\"wp-block-uagb-container uagb-block-f647e24e alignfull uagb-is-root-container\"><div class=\"uagb-container-inner-blocks-wrap\">\n<div class=\"wp-block-uagb-container uagb-block-40a487bf\">\n<div class=\"wp-block-uagb-image uagb-block-9612cc2f wp-block-uagb-image--layout-default wp-block-uagb-image--effect-static wp-block-uagb-image--align-none\"><figure class=\"wp-block-uagb-image__figure\"><img decoding=\"async\" srcset=\"https:\/\/wp2.zsoiz-czyzew.pl\/wp-content\/uploads\/2026\/05\/historia-szkoly0004-1024x674.jpg ,https:\/\/wp2.zsoiz-czyzew.pl\/wp-content\/uploads\/2026\/05\/historia-szkoly0004.jpg 780w, https:\/\/wp2.zsoiz-czyzew.pl\/wp-content\/uploads\/2026\/05\/historia-szkoly0004.jpg 360w\" sizes=\"auto, (max-width: 480px) 150px\" src=\"https:\/\/wp2.zsoiz-czyzew.pl\/wp-content\/uploads\/2026\/05\/historia-szkoly0004-1024x674.jpg\" alt=\"ods\u0142oni\u0119cie tablicy patrona szko\u0142y\" class=\"uag-image-231\" width=\"1024\" height=\"674\" title=\"historia-szkoly0004\" loading=\"lazy\" role=\"img\"\/><\/figure><\/div>\n<\/div>\n\n\n\n<div class=\"wp-block-uagb-container uagb-block-8273691e\">\n<div class=\"wp-block-uagb-info-box uagb-block-210068f2 uagb-infobox__content-wrap  uagb-infobox-icon-above-title uagb-infobox-image-valign-top\"><div class=\"uagb-ifb-content\"><div class=\"uagb-ifb-title-wrap\"><h3 class=\"uagb-ifb-title\">Patron<\/h3><\/div><p class=\"uagb-ifb-desc\">Od 1999 roku szko\u0142a nosi imi\u0119 Stefana Kardyna\u0142a Wyszy\u0144skiego. Posta\u0107 Prymasa Tysi\u0105clecia wyznacza kierunki naszego programu wychowawczego, \u0142\u0105cz\u0105c patriotyzm z etyk\u0105 i szacunkiem do drugiego cz\u0142owieka. Nasz\u0105 dewiz\u0105 jest has\u0142o: &#8222;Czy\u017cew uczy wi\u0119cej!&#8221;.<\/p><\/div><\/div>\n<\/div>\n<\/div><\/div>\n\n\n\n<div class=\"wp-block-uagb-container uagb-block-cef0d5dd alignfull uagb-is-root-container\"><div class=\"uagb-container-inner-blocks-wrap\">\n<div class=\"wp-block-uagb-counter uagb-block-a95065be wp-block-uagb-counter--number\"><span class=\"wp-block-uagb-counter__icon\"><svg xmlns=\"https:\/\/www.w3.org\/2000\/svg\" viewBox=\"0 0 576 512\"><path d=\"M381.2 150.3L524.9 171.5C536.8 173.2 546.8 181.6 550.6 193.1C554.4 204.7 551.3 217.3 542.7 225.9L438.5 328.1L463.1 474.7C465.1 486.7 460.2 498.9 450.2 506C440.3 513.1 427.2 514 416.5 508.3L288.1 439.8L159.8 508.3C149 514 135.9 513.1 126 506C116.1 498.9 111.1 486.7 113.2 474.7L137.8 328.1L33.58 225.9C24.97 217.3 21.91 204.7 25.69 193.1C29.46 181.6 39.43 173.2 51.42 171.5L195 150.3L259.4 17.97C264.7 6.954 275.9-.0391 288.1-.0391C300.4-.0391 311.6 6.954 316.9 17.97L381.2 150.3z\"><\/path><\/svg><\/span><div class=\"wp-block-uagb-counter__number\"><span class=\"uagb-counter-block-number\" data-duration=\"1.5\" data-to-value=\"1652\" data-from-value=\"0\" data-delimiter=\"\"><\/span><\/div><div class=\"wp-block-uagb-counter__title\">Liczba absolwent\u00f3w<\/div><\/div>\n\n\n\n<div class=\"wp-block-uagb-counter uagb-block-dad19b99 wp-block-uagb-counter--number\"><span class=\"wp-block-uagb-counter__icon\"><svg xmlns=\"https:\/\/www.w3.org\/2000\/svg\" viewBox=\"0 0 576 512\"><path d=\"M381.2 150.3L524.9 171.5C536.8 173.2 546.8 181.6 550.6 193.1C554.4 204.7 551.3 217.3 542.7 225.9L438.5 328.1L463.1 474.7C465.1 486.7 460.2 498.9 450.2 506C440.3 513.1 427.2 514 416.5 508.3L288.1 439.8L159.8 508.3C149 514 135.9 513.1 126 506C116.1 498.9 111.1 486.7 113.2 474.7L137.8 328.1L33.58 225.9C24.97 217.3 21.91 204.7 25.69 193.1C29.46 181.6 39.43 173.2 51.42 171.5L195 150.3L259.4 17.97C264.7 6.954 275.9-.0391 288.1-.0391C300.4-.0391 311.6 6.954 316.9 17.97L381.2 150.3z\"><\/path><\/svg><\/span><div class=\"wp-block-uagb-counter__number\"><span class=\"uagb-counter-block-number\" data-duration=\"1.5\" data-to-value=\"80\" data-from-value=\"0\" data-delimiter=\",\"><\/span><span class=\"uagb-counter-block-suffix\">%<\/span><\/div><div class=\"wp-block-uagb-counter__title\">Zdawalno\u015b\u0107 egzaminu maturalnego<\/div><\/div>\n\n\n\n<div class=\"wp-block-uagb-counter uagb-block-edbe7a0c wp-block-uagb-counter--number\"><span class=\"wp-block-uagb-counter__icon\"><svg xmlns=\"https:\/\/www.w3.org\/2000\/svg\" viewBox=\"0 0 576 512\"><path d=\"M381.2 150.3L524.9 171.5C536.8 173.2 546.8 181.6 550.6 193.1C554.4 204.7 551.3 217.3 542.7 225.9L438.5 328.1L463.1 474.7C465.1 486.7 460.2 498.9 450.2 506C440.3 513.1 427.2 514 416.5 508.3L288.1 439.8L159.8 508.3C149 514 135.9 513.1 126 506C116.1 498.9 111.1 486.7 113.2 474.7L137.8 328.1L33.58 225.9C24.97 217.3 21.91 204.7 25.69 193.1C29.46 181.6 39.43 173.2 51.42 171.5L195 150.3L259.4 17.97C264.7 6.954 275.9-.0391 288.1-.0391C300.4-.0391 311.6 6.954 316.9 17.97L381.2 150.3z\"><\/path><\/svg><\/span><div class=\"wp-block-uagb-counter__number\"><span class=\"uagb-counter-block-number\" data-duration=\"1.5\" data-to-value=\"80\" data-from-value=\"0\" data-delimiter=\",\"><\/span><span class=\"uagb-counter-block-suffix\">%<\/span><\/div><div class=\"wp-block-uagb-counter__title\">Zdawalno\u015b\u0107 egzaminu zawodowego<\/div><\/div>\n\n\n\n<div class=\"wp-block-uagb-counter uagb-block-acad0837 wp-block-uagb-counter--number\"><span class=\"wp-block-uagb-counter__icon\"><svg xmlns=\"https:\/\/www.w3.org\/2000\/svg\" viewBox=\"0 0 576 512\"><path d=\"M381.2 150.3L524.9 171.5C536.8 173.2 546.8 181.6 550.6 193.1C554.4 204.7 551.3 217.3 542.7 225.9L438.5 328.1L463.1 474.7C465.1 486.7 460.2 498.9 450.2 506C440.3 513.1 427.2 514 416.5 508.3L288.1 439.8L159.8 508.3C149 514 135.9 513.1 126 506C116.1 498.9 111.1 486.7 113.2 474.7L137.8 328.1L33.58 225.9C24.97 217.3 21.91 204.7 25.69 193.1C29.46 181.6 39.43 173.2 51.42 171.5L195 150.3L259.4 17.97C264.7 6.954 275.9-.0391 288.1-.0391C300.4-.0391 311.6 6.954 316.9 17.97L381.2 150.3z\"><\/path><\/svg><\/span><div class=\"wp-block-uagb-counter__number\"><span class=\"uagb-counter-block-number\" data-duration=\"1.5\" data-to-value=\"80\" data-from-value=\"0\" data-delimiter=\",\"><\/span><\/div><div class=\"wp-block-uagb-counter__title\">Liczba uczni\u00f3w na sta\u017cach zagranicznych<\/div><\/div>\n<\/div><\/div>\n\n\n\n<div class=\"wp-block-uagb-container uagb-block-d4e00af3 alignfull uagb-is-root-container\"><div class=\"uagb-container-inner-blocks-wrap\">\n<div class=\"wp-block-uagb-container uagb-block-f6856d95\">\n<div class=\"wp-block-uagb-advanced-heading uagb-block-36837679\"><p class=\"uagb-heading-text\">Dzi\u0119ki sta\u0142emu wsparciu Starostwa Powiatowego w Wysokiem Mazowieckiem, szko\u0142a oferuje infrastruktur\u0119 spe\u0142niaj\u0105c\u0105 najwy\u017csze standardy. Od czasu powstania pe\u0142nowymiarowej hali sportowej w 2006 r. oraz kompleksu \u201eOrlik\u201d, sukcesywnie rozwijamy nasz\u0105 baz\u0119 dydaktyczn\u0105. Nowoczesne pracownie agrobiznesu, informatyki i gastronomii sprawiaj\u0105, \u017ce pod wzgl\u0119dem jako\u015bci kszta\u0142cenia zawodowego z powodzeniem dor\u00f3wnujemy najlepszym plac\u00f3wkom w regionie.<\/p><\/div>\n<\/div>\n\n\n\n<div class=\"wp-block-uagb-container uagb-block-8455e32c\">\n<div class=\"wp-block-uagb-image uagb-block-96715857 wp-block-uagb-image--layout-default wp-block-uagb-image--effect-static wp-block-uagb-image--align-none\"><figure class=\"wp-block-uagb-image__figure\"><img decoding=\"async\" srcset=\"https:\/\/wp2.zsoiz-czyzew.pl\/wp-content\/uploads\/2026\/05\/IMG_3374.jpg ,https:\/\/wp2.zsoiz-czyzew.pl\/wp-content\/uploads\/2026\/05\/IMG_3374.jpg 780w, https:\/\/wp2.zsoiz-czyzew.pl\/wp-content\/uploads\/2026\/05\/IMG_3374.jpg 360w\" sizes=\"auto, (max-width: 480px) 150px\" src=\"https:\/\/wp2.zsoiz-czyzew.pl\/wp-content\/uploads\/2026\/05\/IMG_3374.jpg\" alt=\"Otwarcie hali sportowej przy ZSOiZ w Czy\u017cewie\" class=\"uag-image-233\" width=\"400\" height=\"265\" title=\"IMG_3374\" loading=\"lazy\" role=\"img\"\/><\/figure><\/div>\n<\/div>\n<\/div><\/div>\n\n\n\n<div class=\"wp-block-uagb-container uagb-block-939bc5ed alignfull uagb-is-root-container\"><div class=\"uagb-container-inner-blocks-wrap\">\n<div class=\"wp-block-uagb-container uagb-block-e0d0c385\">\n<div class=\"wp-block-group is-nowrap is-layout-flex wp-container-core-group-is-layout-6c531013 wp-block-group-is-layout-flex\">\n<div class=\"wp-block-uagb-image uagb-block-d7440cfe wp-block-uagb-image--layout-default wp-block-uagb-image--effect-static wp-block-uagb-image--align-none\"><figure class=\"wp-block-uagb-image__figure\"><img decoding=\"async\" srcset=\"https:\/\/wp2.zsoiz-czyzew.pl\/wp-content\/uploads\/2026\/05\/DSC01859-1024x768.jpg ,https:\/\/wp2.zsoiz-czyzew.pl\/wp-content\/uploads\/2026\/05\/DSC01859-e1778421188983.jpg 780w, https:\/\/wp2.zsoiz-czyzew.pl\/wp-content\/uploads\/2026\/05\/DSC01859-e1778421188983.jpg 360w\" sizes=\"auto, (max-width: 480px) 150px\" src=\"https:\/\/wp2.zsoiz-czyzew.pl\/wp-content\/uploads\/2026\/05\/DSC01859-1024x768.jpg\" alt=\"pracownia VR w ZSOiZ w Czy\u017cewie\" class=\"uag-image-232\" width=\"1024\" height=\"768\" title=\"DSC01859\" loading=\"lazy\" role=\"img\"\/><\/figure><\/div>\n<\/div>\n<\/div>\n\n\n\n<div class=\"wp-block-uagb-container uagb-block-e9ee357d\">\n<div class=\"wp-block-uagb-advanced-heading uagb-block-c3cc5629\"><p class=\"uagb-heading-text\">29 stycznia 2025 roku zapisze si\u0119 w historii naszej szko\u0142y jako dzie\u0144 technologicznego prze\u0142omu. Dzi\u0119ki hojno\u015bci lokalnego mecenasa edukacji \u2013 firmy <strong>CLOVIN S.A.<\/strong> \u2013 uroczy\u015bcie oddali\u015bmy do u\u017cytku nowoczesn\u0105 pracowni\u0119 VR.<br>To unikalne miejsce zosta\u0142o stworzone z my\u015bl\u0105 o przysz\u0142o\u015bci naszych uczni\u00f3w. Pracownia zyska\u0142a nie tylko zaawansowany sprz\u0119t \u2013 komplet okular\u00f3w wirtualnej rzeczywisto\u015bci, wydajny laptop oraz monitor interaktywny \u2013 ale tak\u017ce ca\u0142kowicie nowe oblicze. Generalnie odnowione wn\u0119trze, wyposa\u017cone w nowoczesne meble i ozdobione ekologicznymi wzorami, \u0142\u0105czy funkcjonalno\u015b\u0107 z unikalnym designem. To przestrze\u0144, kt\u00f3ra inspiruje do nauki i odkrywania \u015bwiata w zupe\u0142nie nowym wymiarze.<\/p><\/div>\n<\/div>\n<\/div><\/div>\n\n\n\n<p><\/p>\n","protected":false},"excerpt":{"rendered":"<p>Ponad \u0107wier\u0107 wieku tradycji i nowoczesno\u015bci Historia Zespo\u0142u Szk\u00f3\u0142 Og\u00f3lnokszta\u0142c\u0105cych i Zawodowych w Czy\u017cewie to opowie\u015b\u0107 o wizji, determinacji i sta\u0142ym d\u0105\u017ceniu do doskona\u0142o\u015bci. Zesp\u00f3\u0142 Szk\u00f3\u0142 Og\u00f3lnokszta\u0142c\u0105cych i Zawodowych w Czy\u017cewie rozpocz\u0105\u0142 swoj\u0105 dzia\u0142alno\u015b\u0107 1 wrze\u015bnia 1996 roku. Plac\u00f3wka powsta\u0142a z inicjatywy \u00f3wczesnego W\u00f3jta Gminy Czy\u017cew-Osada \u2013 Jacka Boguckiego (p\u00f3\u017aniejszego Starosty, Pos\u0142a i Senatora RP). [&hellip;]<\/p>\n","protected":false},"author":1,"featured_media":0,"parent":0,"menu_order":0,"comment_status":"closed","ping_status":"closed","template":"","meta":{"_uag_custom_page_level_css":"","footnotes":""},"class_list":["post-221","page","type-page","status-publish","hentry"],"blocksy_meta":[],"uagb_featured_image_src":{"full":false,"thumbnail":false,"medium":false,"medium_large":false,"large":false,"1536x1536":false,"2048x2048":false},"uagb_author_info":{"display_name":"admin","author_link":"https:\/\/zsoiz-czyzew.pl\/index.php\/author\/admin\/"},"uagb_comment_info":0,"uagb_excerpt":"Ponad \u0107wier\u0107 wieku tradycji i nowoczesno\u015bci Historia Zespo\u0142u Szk\u00f3\u0142 Og\u00f3lnokszta\u0142c\u0105cych i Zawodowych w Czy\u017cewie to opowie\u015b\u0107 o wizji, determinacji i sta\u0142ym d\u0105\u017ceniu do doskona\u0142o\u015bci. Zesp\u00f3\u0142 Szk\u00f3\u0142 Og\u00f3lnokszta\u0142c\u0105cych i Zawodowych w Czy\u017cewie rozpocz\u0105\u0142 swoj\u0105 dzia\u0142alno\u015b\u0107 1 wrze\u015bnia 1996 roku. Plac\u00f3wka powsta\u0142a z inicjatywy \u00f3wczesnego W\u00f3jta Gminy Czy\u017cew-Osada \u2013 Jacka Boguckiego (p\u00f3\u017aniejszego Starosty, Pos\u0142a i Senatora RP).&hellip;","_links":{"self":[{"href":"https:\/\/zsoiz-czyzew.pl\/index.php\/wp-json\/wp\/v2\/pages\/221","targetHints":{"allow":["GET"]}}],"collection":[{"href":"https:\/\/zsoiz-czyzew.pl\/index.php\/wp-json\/wp\/v2\/pages"}],"about":[{"href":"https:\/\/zsoiz-czyzew.pl\/index.php\/wp-json\/wp\/v2\/types\/page"}],"author":[{"embeddable":true,"href":"https:\/\/zsoiz-czyzew.pl\/index.php\/wp-json\/wp\/v2\/users\/1"}],"replies":[{"embeddable":true,"href":"https:\/\/zsoiz-czyzew.pl\/index.php\/wp-json\/wp\/v2\/comments?post=221"}],"version-history":[{"count":0,"href":"https:\/\/zsoiz-czyzew.pl\/index.php\/wp-json\/wp\/v2\/pages\/221\/revisions"}],"wp:attachment":[{"href":"https:\/\/zsoiz-czyzew.pl\/index.php\/wp-json\/wp\/v2\/media?parent=221"}],"curies":[{"name":"wp","href":"https:\/\/api.w.org\/{rel}","templated":true}]}}